{"id":156,"date":"2013-04-01T21:53:02","date_gmt":"2013-04-01T21:53:02","guid":{"rendered":"http:\/\/jorgeduardo.com.br\/old-site\/?page_id=156"},"modified":"2013-06-18T12:11:29","modified_gmt":"2013-06-18T15:11:29","slug":"janelas","status":"publish","type":"page","link":"https:\/\/jorgeduardo.com.br\/old-site\/janelas\/","title":{"rendered":"Janelas"},"content":{"rendered":"<p>Janelas podem ser definidas como molduras para paisagens.<br \/>\nFoi a partir da\u00ed que resolvi pintar cenas da natureza, vistas de cidades \u2014<br \/>\ndiurnas e tamb\u00e9m noturnas \u2014 para serem emolduradas por janelas aut\u00eanticas, na sua maioria adquiridas em dep\u00f3sitos de demolidoras.<br \/>\nAlgumas outras eu desenho e mando fazer, aplicando posteriormente uma discreta p\u00e1tina.<\/p>\n<p><object id=\"6ab94b99-09d8-8cb9-f93b-5887f88db3bb\" width=\"0\" height=\"0\" type=\"application\/gas-events-abn\"><\/object><\/p>\n","protected":false},"excerpt":{"rendered":"<p>Janelas podem ser definidas como molduras para paisagens. Foi a partir da\u00ed que resolvi pintar cenas da natureza, vistas de cidades \u2014 diurnas e tamb\u00e9m noturnas \u2014 para serem emolduradas por janelas aut\u00eanticas, na sua maioria adquiridas em dep\u00f3sitos de demolidoras. Algumas outras eu desenho e mando fazer, aplicando posteriormente uma discreta p\u00e1tina.<\/p>\n","protected":false},"author":1,"featured_media":0,"parent":0,"menu_order":0,"comment_status":"open","ping_status":"open","template":"gallery_2.php","meta":{"footnotes":""},"class_list":["post-156","page","type-page","status-publish","hentry"],"_links":{"self":[{"href":"https:\/\/jorgeduardo.com.br\/old-site\/wp-json\/wp\/v2\/pages\/156","targetHints":{"allow":["GET"]}}],"collection":[{"href":"https:\/\/jorgeduardo.com.br\/old-site\/wp-json\/wp\/v2\/pages"}],"about":[{"href":"https:\/\/jorgeduardo.com.br\/old-site\/wp-json\/wp\/v2\/types\/page"}],"author":[{"embeddable":true,"href":"https:\/\/jorgeduardo.com.br\/old-site\/wp-json\/wp\/v2\/users\/1"}],"replies":[{"embeddable":true,"href":"https:\/\/jorgeduardo.com.br\/old-site\/wp-json\/wp\/v2\/comments?post=156"}],"version-history":[{"count":7,"href":"https:\/\/jorgeduardo.com.br\/old-site\/wp-json\/wp\/v2\/pages\/156\/revisions"}],"predecessor-version":[{"id":253,"href":"https:\/\/jorgeduardo.com.br\/old-site\/wp-json\/wp\/v2\/pages\/156\/revisions\/253"}],"wp:attachment":[{"href":"https:\/\/jorgeduardo.com.br\/old-site\/wp-json\/wp\/v2\/media?parent=156"}],"curies":[{"name":"wp","href":"https:\/\/api.w.org\/{rel}","templated":true}]}}