{"id":179,"date":"2013-04-05T21:17:26","date_gmt":"2013-04-05T21:17:26","guid":{"rendered":"http:\/\/jorgeduardo.com.br\/old-site\/?page_id=179"},"modified":"2013-06-18T12:13:40","modified_gmt":"2013-06-18T15:13:40","slug":"retratos","status":"publish","type":"page","link":"https:\/\/jorgeduardo.com.br\/old-site\/retratos\/","title":{"rendered":"Retratos"},"content":{"rendered":"<p>Os retratos que fa\u00e7o, sempre pinturas a \u00f3leo sobre tela, s\u00e3o a partir de dezenas de fotos, buscando uma boa luz, um bom momento, um brilho, uma express\u00e3o. Isso s\u00f3 a fotografia pode dar.<\/p>\n<p>Escolhida a melhor, come\u00e7o a pintura sempre pelos olhos, pela express\u00e3o do olhar.<\/p>\n","protected":false},"excerpt":{"rendered":"<p>Os retratos que fa\u00e7o, sempre pinturas a \u00f3leo sobre tela, s\u00e3o a partir de dezenas de fotos, buscando uma boa luz, um bom momento, um brilho, uma express\u00e3o. Isso s\u00f3 a fotografia pode dar. Escolhida a melhor, come\u00e7o a pintura sempre pelos olhos, pela express\u00e3o do olhar.<\/p>\n","protected":false},"author":1,"featured_media":0,"parent":0,"menu_order":0,"comment_status":"open","ping_status":"open","template":"gallery_2.php","meta":{"footnotes":""},"class_list":["post-179","page","type-page","status-publish","hentry"],"_links":{"self":[{"href":"https:\/\/jorgeduardo.com.br\/old-site\/wp-json\/wp\/v2\/pages\/179","targetHints":{"allow":["GET"]}}],"collection":[{"href":"https:\/\/jorgeduardo.com.br\/old-site\/wp-json\/wp\/v2\/pages"}],"about":[{"href":"https:\/\/jorgeduardo.com.br\/old-site\/wp-json\/wp\/v2\/types\/page"}],"author":[{"embeddable":true,"href":"https:\/\/jorgeduardo.com.br\/old-site\/wp-json\/wp\/v2\/users\/1"}],"replies":[{"embeddable":true,"href":"https:\/\/jorgeduardo.com.br\/old-site\/wp-json\/wp\/v2\/comments?post=179"}],"version-history":[{"count":6,"href":"https:\/\/jorgeduardo.com.br\/old-site\/wp-json\/wp\/v2\/pages\/179\/revisions"}],"predecessor-version":[{"id":256,"href":"https:\/\/jorgeduardo.com.br\/old-site\/wp-json\/wp\/v2\/pages\/179\/revisions\/256"}],"wp:attachment":[{"href":"https:\/\/jorgeduardo.com.br\/old-site\/wp-json\/wp\/v2\/media?parent=179"}],"curies":[{"name":"wp","href":"https:\/\/api.w.org\/{rel}","templated":true}]}}