{"id":37,"date":"2013-03-21T21:06:43","date_gmt":"2013-03-21T21:06:43","guid":{"rendered":"http:\/\/jorgeduardo.com.br\/old-site\/?page_id=37"},"modified":"2013-03-21T23:09:28","modified_gmt":"2013-03-21T23:09:28","slug":"ilujetos","status":"publish","type":"page","link":"https:\/\/jorgeduardo.com.br\/old-site\/ilujetos\/","title":{"rendered":"Ilujetos"},"content":{"rendered":"<p><strong>O que \u00e9 o Ilujeto?<\/strong><\/p>\n<p>Quando quis definir aquelo novo trabalho \u2013 que era pintura, mas tamb\u00e9m uma figura recortada, e tamb\u00e9m um<em> tromp l\u00b4oeil<\/em> \u2013 resolvi criar tamb\u00e9m um nome. Como o trabalho se propunha a criar a ilus\u00e3o da tridimensionalidade atrav\u00e9s de uma montagem para afast\u00e1-lo da parede e projetar sua sombra, tudo o que fiz foi juntar as s\u00edlabas\u00a0<strong>ILU<\/strong>, da palavra \u201cilus\u00e3o\u201d \u00e0s s\u00edlabas\u00a0<strong>JETO<\/strong>\u00a0da palavra \u201cobjeto\u201d, resultaram no termo\u00a0<strong>ILUJETO<\/strong>.<\/p>\n<p><a href=\"http:\/\/jorgeduardo.com.br\/old-site\/wp-content\/uploads\/JE-segurando_mcLaren.png\"><img loading=\"lazy\" decoding=\"async\" class=\"alignnone  wp-image-41\" alt=\"JE-segurando_mcLaren\" src=\"http:\/\/jorgeduardo.com.br\/old-site\/wp-content\/uploads\/JE-segurando_mcLaren.png\" width=\"303\" height=\"344\" srcset=\"https:\/\/jorgeduardo.com.br\/old-site\/wp-content\/uploads\/JE-segurando_mcLaren.png 336w, https:\/\/jorgeduardo.com.br\/old-site\/wp-content\/uploads\/JE-segurando_mcLaren-263x300.png 263w\" sizes=\"auto, (max-width: 303px) 100vw, 303px\" \/><\/a><\/p>\n","protected":false},"excerpt":{"rendered":"<p>O que \u00e9 o Ilujeto? Quando quis definir aquelo novo trabalho \u2013 que era pintura, mas tamb\u00e9m uma figura recortada, e tamb\u00e9m um tromp l\u00b4oeil \u2013 resolvi criar tamb\u00e9m um nome. Como o trabalho se propunha a criar a ilus\u00e3o da tridimensionalidade atrav\u00e9s de uma montagem para afast\u00e1-lo da parede e projetar sua sombra, tudo [&hellip;]<\/p>\n","protected":false},"author":1,"featured_media":0,"parent":0,"menu_order":0,"comment_status":"open","ping_status":"open","template":"gallery_2.php","meta":{"footnotes":""},"class_list":["post-37","page","type-page","status-publish","hentry"],"_links":{"self":[{"href":"https:\/\/jorgeduardo.com.br\/old-site\/wp-json\/wp\/v2\/pages\/37","targetHints":{"allow":["GET"]}}],"collection":[{"href":"https:\/\/jorgeduardo.com.br\/old-site\/wp-json\/wp\/v2\/pages"}],"about":[{"href":"https:\/\/jorgeduardo.com.br\/old-site\/wp-json\/wp\/v2\/types\/page"}],"author":[{"embeddable":true,"href":"https:\/\/jorgeduardo.com.br\/old-site\/wp-json\/wp\/v2\/users\/1"}],"replies":[{"embeddable":true,"href":"https:\/\/jorgeduardo.com.br\/old-site\/wp-json\/wp\/v2\/comments?post=37"}],"version-history":[{"count":10,"href":"https:\/\/jorgeduardo.com.br\/old-site\/wp-json\/wp\/v2\/pages\/37\/revisions"}],"predecessor-version":[{"id":40,"href":"https:\/\/jorgeduardo.com.br\/old-site\/wp-json\/wp\/v2\/pages\/37\/revisions\/40"}],"wp:attachment":[{"href":"https:\/\/jorgeduardo.com.br\/old-site\/wp-json\/wp\/v2\/media?parent=37"}],"curies":[{"name":"wp","href":"https:\/\/api.w.org\/{rel}","templated":true}]}}