{"id":61,"date":"2013-03-21T21:31:27","date_gmt":"2013-03-21T21:31:27","guid":{"rendered":"http:\/\/jorgeduardo.com.br\/old-site\/?page_id=61"},"modified":"2013-06-18T12:14:48","modified_gmt":"2013-06-18T15:14:48","slug":"aquarelas-do-brasil","status":"publish","type":"page","link":"https:\/\/jorgeduardo.com.br\/old-site\/aquarelas-do-brasil\/","title":{"rendered":"Aquarelas do Brasil"},"content":{"rendered":"<p>70 aquarelas de cenas brasileir\u00edssimas, escolhidas entre 5.000 fotos, comp\u00f5em o livro \u201cAquarelas do Brasil\u201d.<br \/>\nA pulsa\u00e7\u00e3o cosmopolita da avenida Paulista, o colorido da feira da Gl\u00f3ria, a velha locomotiva saindo de uma esta\u00e7\u00e3o mineira, a pelada \u00e0 beira do rio na Para\u00edba, s\u00e3o alguns exemplos da diversidade de luzes, cores, pessoas e lugares do meu pa\u00eds.<\/p>\n<p><\/ br><\/p>\n<p><img loading=\"lazy\" decoding=\"async\" class=\"alignleft size-full wp-image-74\" alt=\"livro-das-aquarelas\" src=\"http:\/\/jorgeduardo.com.br\/old-site\/wp-content\/uploads\/livro-das-aquarelas.jpg\" width=\"280\" height=\"300\" \/><\/p>\n<p>&#8220;<strong>Aquarelas do Brasil<\/strong>&#8220;<br \/>\n160 pgs. &#8211; Rio de Janeiro<\/p>\n","protected":false},"excerpt":{"rendered":"<p>70 aquarelas de cenas brasileir\u00edssimas, escolhidas entre 5.000 fotos, comp\u00f5em o livro \u201cAquarelas do Brasil\u201d. A pulsa\u00e7\u00e3o cosmopolita da avenida Paulista, o colorido da feira da Gl\u00f3ria, a velha locomotiva saindo de uma esta\u00e7\u00e3o mineira, a pelada \u00e0 beira do rio na Para\u00edba, s\u00e3o alguns exemplos da diversidade de luzes, cores, pessoas e lugares do [&hellip;]<\/p>\n","protected":false},"author":1,"featured_media":0,"parent":0,"menu_order":0,"comment_status":"open","ping_status":"open","template":"gallery_2.php","meta":{"footnotes":""},"class_list":["post-61","page","type-page","status-publish","hentry"],"_links":{"self":[{"href":"https:\/\/jorgeduardo.com.br\/old-site\/wp-json\/wp\/v2\/pages\/61","targetHints":{"allow":["GET"]}}],"collection":[{"href":"https:\/\/jorgeduardo.com.br\/old-site\/wp-json\/wp\/v2\/pages"}],"about":[{"href":"https:\/\/jorgeduardo.com.br\/old-site\/wp-json\/wp\/v2\/types\/page"}],"author":[{"embeddable":true,"href":"https:\/\/jorgeduardo.com.br\/old-site\/wp-json\/wp\/v2\/users\/1"}],"replies":[{"embeddable":true,"href":"https:\/\/jorgeduardo.com.br\/old-site\/wp-json\/wp\/v2\/comments?post=61"}],"version-history":[{"count":9,"href":"https:\/\/jorgeduardo.com.br\/old-site\/wp-json\/wp\/v2\/pages\/61\/revisions"}],"predecessor-version":[{"id":258,"href":"https:\/\/jorgeduardo.com.br\/old-site\/wp-json\/wp\/v2\/pages\/61\/revisions\/258"}],"wp:attachment":[{"href":"https:\/\/jorgeduardo.com.br\/old-site\/wp-json\/wp\/v2\/media?parent=61"}],"curies":[{"name":"wp","href":"https:\/\/api.w.org\/{rel}","templated":true}]}}