{"id":98,"date":"2013-03-22T17:51:40","date_gmt":"2013-03-22T17:51:40","guid":{"rendered":"http:\/\/jorgeduardo.com.br\/old-site\/?page_id=98"},"modified":"2013-03-27T22:30:19","modified_gmt":"2013-03-27T22:30:19","slug":"exposicoes","status":"publish","type":"page","link":"https:\/\/jorgeduardo.com.br\/old-site\/exposicoes\/","title":{"rendered":"Exposi\u00e7\u00f5es"},"content":{"rendered":"<h6>INDIVIDUAIS<\/h6>\n<p>1972 \u2014 <strong>OCA<\/strong>, Rio de Janeiro<br \/>\n1973\u00a0\u2014\u00a0<strong>Galeria Ponto de Arte<\/strong>, Rio de Janeiro<br \/>\n1974 \u2014\u00a0<strong>OCA<\/strong>, Rio de Janeiro<br \/>\n1975 \u2014 <strong>OCA<\/strong>, Rio de Janeiro<br \/>\n1976 \u2014 <strong>OCA<\/strong>, Rio de Janeiro<br \/>\n1982 \u2014 <strong>Galeria Homero Massena<\/strong>, Vit\u00f3ria, Esp\u00edrito Santo<br \/>\n1983 \u2014 <strong>Galeria ECT<\/strong>, Bras\u00edlia<br \/>\n1986 \u2014 <strong>Galeria Jean Boghici<\/strong>, Rio de Janeiro<br \/>\n1986 \u2014 <strong>Galerie 1900-2000<\/strong>, Paris, Fran\u00e7a<br \/>\n1988 \u2014 <strong>Galeria Jean Boghici<\/strong>, Rio de Janeiro<br \/>\n1991 \u2014 <strong>Kouros Gallery<\/strong>, New York<br \/>\n1993 \u2014 <strong>Galeria Jean Boghici<\/strong>, Rio de Janeiro<br \/>\n1999\u00a0\u2014\u00a0<strong>Foire Internationale d\u2019Art Contemporain<\/strong> <strong>\u2013 FIAC 99<\/strong>, Galeria Jean Boghici, Paris, Fran\u00e7a<br \/>\n1999 \u2014 <strong>Museu Nacional de Belas Artes<\/strong>, Rio de Janeiro<br \/>\n2004 \u2014  &#8220;Ilujetos&#8221; <strong>Hotel Monte Real<\/strong>, \u00c1guas de Lindoya, S\u00e3o Paulo<\/p>\n<p>&nbsp;<\/p>\n<h6>COLETIVAS<\/h6>\n<p>1972 \u2014 <strong>First Exhibition of Contemporary Art of Our Lady of Mercy School<\/strong>, Rio de Janeiro<br \/>\n1973 \u2014 <strong>Second Exhibition of Contemporary Art of Our Lady Mercy School<\/strong>, Rio de Janeiro<br \/>\n1974 \u2014 <strong>Collective exibition for the Opening of Galeria Contorno<\/strong>, Rio de Janeiro<br \/>\n1974 \u2014 <strong>Christmas Collective<\/strong>, Galeria Intercontinental Rio de Janeiro<br \/>\n1975 \u2014 \u201cArquitetos Pintores\u201d, <strong>Galeria Contorno<\/strong>, Rio de Janeiro<br \/>\n1982 \u2014 Coletiva com Rachel Braga e Nilo de Paula, <strong>FUNARTE<\/strong>, Rio de Janeiro<br \/>\n1984 \u2014 \u201cRealismo Po\u00e9tico do Rio de Janeiro nos s\u00e9culos 19 e 20 no trabalho de Gustavo Dall&#8217;Ara e<br \/>\nJorge Eduardo\u201d, <strong>Copacabana Palace<\/strong>, Rio de Janeiro<br \/>\n1986 \u2014 \u201cTributo a Manoel Bandeira\u201d, <strong>Centro Cultural Itaipava<\/strong>, Rio de Janeiro<br \/>\n1986 \u2014 \u201cLos Americanos\u201d, <strong>Galerie Artcurial<\/strong>, Paris, Fran\u00e7a<br \/>\n1988 \u2014 <strong>Galeria Artefacto<\/strong>, S\u00e3o Paulo<br \/>\n1989 \u2014 \u201cBras\u00edlia, Patrim\u00f4nio Cultural da Humanidade\u201d, <strong>Caixa Econ\u00f4mica Federal<\/strong>, Bras\u00edlia<br \/>\n1989 \u2014 \u201cViva Brasil\u201d, <strong>Galerie 1900-2000<\/strong>, Paris, Fran\u00e7a<br \/>\n1991 \u2014 \u201c6 Artistes Latino-Am\u00e9ricains\u201d, <strong>Galerie 1900-2000<\/strong>, Paris, Fran\u00e7a<br \/>\n1992 \u2014 \u201cDiversit\u00e9 Latino-Am\u00e9ricain\u201d, <strong>Galerie 1900-2000<\/strong>, Paris, Fran\u00e7a<br \/>\n1992 \u2014 \u201cPetit Formats\u201d, <strong>Kouros Gallery<\/strong>, New York<br \/>\n1992 \u2014 \u201cNature \u2013 Four Centuries of Art in Brazil\u201d, <strong>CCBB<\/strong>, Rio de Janeiro<br \/>\n1993 \u2014 \u201cBrazil \u2013 100 years of Modern Art\u201d, <strong>Fine Arts National Museum<\/strong>, Rio de Janeiro<br \/>\n1993 \u2014 \u201cLatin American Art\u201d, <strong>Kouros Gallery<\/strong>, Nova York<br \/>\n1993 \u2014 \u201cKouroi &#038; Korai\u201d, <strong>Kouros Gallery<\/strong>, Nova York<br \/>\n1993 \u2014 \u201cMiami Art Fair\u201d, Miami<br \/>\n1993 \u2014 \u201cKouroi &#038; Korai\u201d, <strong>Kouros Gallery<\/strong>, Nova York<br \/>\n1993 \u2014 \u201cContemporary American Realism from The  Seavest Collection\u201d, <strong>Duke University<br \/>\nMuseum of Art<\/strong><br \/>\n1999 \u2014 \u201cPetites baies et Grandes fen\u00eatres&#8221;, <strong>Galerie d\u2019Art du Conseil G\u00e9n\u00e9ral des<br \/>\n  Bouches-du-Rh\u00f4ne<\/strong>, Aix-en-Provence, Fran\u00e7a<br \/>\n1993 \u2014 \u201cViva Brasil\u201d, <strong>1900-2000<\/strong>, Paris, Fran\u00e7a<br \/>\n2000 \u2014 \u201cTruth in Beauty\/Beauty in Truth: Contemporary American Realism from<br \/>\n           the Seavest Collection\u201d, <strong>Boca Raton Museum of Art<\/strong>, Florida<br \/>\n2001 \u2014 \u201cImaginatrium\u201d, <strong>IAB \u2013 Instituto de Arquitetos do Brasil<\/strong> \u2013 Rio de Janeiro<br \/>\n2001 \u2014 \u201cArt\/Basel\/Miami Beach\u201d, <strong>Galerie 1900-2000<\/strong>, Miami<br \/>\n2003 \u2014 \u201cMiami Art Fair\u201d, <strong>Galeria Mauricio Pontual<\/strong>, Rio de Janeiro<br \/>\n2003 \u2014 \u201cUm Novo Olhar sobre S\u00e3o Crist\u00f3v\u00e3o\u201d, <strong>Museu do 1\u00ba Reinado<\/strong>, Rio de Janeiro<br \/>\n2003 \u2014 \u201cArte em Movimento\u201d, <strong>Galeria BNDES \u2013 Banco Nacional de Desenvolvimento Econ\u00f4mico e Social<\/strong>, Rio de Janeiro<br \/>\n2003 \u2014 \u201cBandeiras do Brasil\u201d, <strong>Museu da Rep\u00fablica<\/strong>, Rio de Janeiro<br \/>\n2005 \u2014 \u201cBresil Foot Art\u201d, <strong>Galerie 1900-2000<\/strong>, Fran\u00e7a<br \/>\n2007 \u2014 \u201cAuto-retrato do Brasil\u201d, <strong>Pa\u00e7o Imperial<\/strong>, Rio de Janeiro<br \/>\n2007 \u2014 Feira Internacional de Arte de S\u00e3o Paulo, <strong>Galeria Jean Boghici<\/strong><br \/>\n2008 \u2014 Feira da Hebraica \u2013 S\u00e3o Paulo, <strong>Galeria Maur\u00edcio Pontual<\/strong><br \/>\n2009 \u2014 1\u00ba Encontro Internacional de Aquarelistas, <strong>Casa de Cultura<\/strong>, Paraty<br \/>\n2011 \u2014 Rio Art Fair, <strong>Galeria Jean Boghici<\/strong>, Rio de Janeiro<br \/>\n2013 \u2014 &#8220;Inaugura\u00e7\u00e3o&#8221;, <strong>MAR \u2013 Museu de Arte do Rio<\/strong> &#8211; Cole\u00e7\u00e3o Jean Boghici<\/p>\n<p>&nbsp;<\/p>\n<h6>OBRAS EM COLE\u00c7\u00d5ES<\/h6>\n<p><strong>Banco Ita\u00fa<\/strong> \u2013 S\u00e3o Paulo<br \/>\n<strong>Caixa Econ\u00f4mica Federal<\/strong> \u2013 Bras\u00edlia<br \/>\n<strong>Centrais El\u00e9tricas Brasileiras \u2013 ELETROBR\u00c1S<\/strong> \u2013 Rio de Janeiro<br \/>\n<strong>Mus\u00e9e d\u2019Art et d\u2019Histoire  Romain Rolland<\/strong> \u2013 Clamecy, Fran\u00e7a<br \/>\n<strong>Cole\u00e7\u00e3o Gilberto Chateaubriand<\/strong> \u2013 Museu de Arte Moderna do Rio de Janeiro<br \/>\n<strong>Cole\u00e7\u00e3o Jean Boghici<\/strong> \u2013 Rio de Janeiro<br \/>\n<strong>Cole\u00e7\u00e3o Luis Antonio de Almeida Braga<\/strong> \u2013 Rio de Janeiro<br \/>\n<strong>Cole\u00e7\u00e3o S\u00e9rgio Sahione Fadel<\/strong> \u2013 Rio de Janeiro<br \/>\n<strong>Cole\u00e7\u00e3o Marcio Rebello<\/strong> \u2013 Rio de Janeiro<br \/>\n<strong>Empresa Brasileira de Correios e Tel\u00e9grafos<\/strong> \u2013 Bras\u00edlia<br \/>\n<strong>Funda\u00e7\u00e3o Pr\u00f3-Mem\u00f3ria<\/strong>  \u2013 Rio de Janeiro<br \/>\n<strong>General Electric Corporation<\/strong> \u2013 Nova York<br \/>\n<strong>Museu de Astronomia<\/strong> \u2013 Rio de Janeiro<br \/>\n<strong>The Metropolitan Museum of Art<\/strong> \u2013 Nova York<br \/>\n<strong>The Seavest Collection<\/strong> \u2013 Nova York<\/p>\n","protected":false},"excerpt":{"rendered":"<p>INDIVIDUAIS 1972 \u2014 OCA, Rio de Janeiro 1973\u00a0\u2014\u00a0Galeria Ponto de Arte, Rio de Janeiro 1974 \u2014\u00a0OCA, Rio de Janeiro 1975 \u2014 OCA, Rio de Janeiro 1976 \u2014 OCA, Rio de Janeiro 1982 \u2014 Galeria Homero Massena, Vit\u00f3ria, Esp\u00edrito Santo 1983 \u2014 Galeria ECT, Bras\u00edlia 1986 \u2014 Galeria Jean Boghici, Rio de Janeiro 1986 \u2014 Galerie [&hellip;]<\/p>\n","protected":false},"author":1,"featured_media":0,"parent":0,"menu_order":0,"comment_status":"open","ping_status":"open","template":"page_r.php","meta":{"footnotes":""},"class_list":["post-98","page","type-page","status-publish","hentry"],"_links":{"self":[{"href":"https:\/\/jorgeduardo.com.br\/old-site\/wp-json\/wp\/v2\/pages\/98","targetHints":{"allow":["GET"]}}],"collection":[{"href":"https:\/\/jorgeduardo.com.br\/old-site\/wp-json\/wp\/v2\/pages"}],"about":[{"href":"https:\/\/jorgeduardo.com.br\/old-site\/wp-json\/wp\/v2\/types\/page"}],"author":[{"embeddable":true,"href":"https:\/\/jorgeduardo.com.br\/old-site\/wp-json\/wp\/v2\/users\/1"}],"replies":[{"embeddable":true,"href":"https:\/\/jorgeduardo.com.br\/old-site\/wp-json\/wp\/v2\/comments?post=98"}],"version-history":[{"count":35,"href":"https:\/\/jorgeduardo.com.br\/old-site\/wp-json\/wp\/v2\/pages\/98\/revisions"}],"predecessor-version":[{"id":112,"href":"https:\/\/jorgeduardo.com.br\/old-site\/wp-json\/wp\/v2\/pages\/98\/revisions\/112"}],"wp:attachment":[{"href":"https:\/\/jorgeduardo.com.br\/old-site\/wp-json\/wp\/v2\/media?parent=98"}],"curies":[{"name":"wp","href":"https:\/\/api.w.org\/{rel}","templated":true}]}}